{"id":5,"date":"2020-11-08T13:33:46","date_gmt":"2020-11-08T13:33:46","guid":{"rendered":"http:\/\/heidelager.pl\/?page_id=5"},"modified":"2020-11-08T13:33:46","modified_gmt":"2020-11-08T13:33:46","slug":"home","status":"publish","type":"page","link":"https:\/\/heidelager.pl\/","title":{"rendered":"HOME"},"content":{"rendered":"\n<p class=\"has-text-align-center\">Strona ukazuje burzliw\u0105 cho\u0107 kr\u00f3tk\u0105 histori\u0119 poligonu SS-Truppen\u00dcbungsPlatz Heidelager, kt\u00f3ry znajdowa\u0142 si\u0119 w Pustkowie ok 10 km od D\u0119bicy na podkarpaciu. Okres dzia\u0142alno\u015bci rozpocz\u0105\u0142 si\u0119 na pocz\u0105tku roku 1940 a zako\u0144czy\u0142 w pa\u017adzierniku 1944 roku. Poligon ten mia\u0142 za zadanie szkolenie niemieckich jednostek SS, oraz w znacznie mniejszym stopniu Wehrmacht, Luftwaffe, jednostki policyjne i inne. Ten teren mia\u0142 jeszcze inn\u0105 dramatyczn\u0105 i tragiczn\u0105 histori\u0119 zwi\u0105zan\u0105 z II wojn\u0105 \u015bwiatow\u0105, mianowicie po zbombardowaniu przez aliant\u00f3w niemieckiego o\u015brodka badawczego w&nbsp;Peenem\u00fcnde gdzie testowano rakiety V-2, niemieckie dow\u00f3dztwo postanowi\u0142o przenie\u015b\u0107 testy poza zasi\u0119g brytyjskich oraz ameryka\u0144skich bombowc\u00f3w. Wyb\u00f3r pad\u0142 na Blizn\u0119, ma\u0142\u0105 wie\u015b znajduj\u0105c\u0105 si\u0119 w centrum poligonu Heidelager. Pierwsza rakieta zosta\u0142a wystrzelona w listopadzie 1943 roku.<\/p>\n\n\n\n<p class=\"has-text-align-center\">Ogromny zasi\u0119g terytorialny poligonu musia\u0142 znacz\u0105co wp\u0142yn\u0105\u0107 na \u017cycie miejscowej ludno\u015bci. Wi\u0105za\u0142o si\u0119 to r\u00f3wnie\u017c z wysiedlaniem mieszka\u0144c\u00f3w poza teren powstaj\u0105cego placu \u0107wicze\u0144 oraz z tym \u017ce by\u0142a wykorzystywana do pracy przy budowie oraz utrzymaniu poligonu.<\/p>\n\n\n\n<p class=\"has-text-align-center\">Powsta\u0142o r\u00f3wnie\u017c trzy obozy pracy, pierwszy ob\u00f3z \u017cydowski, p\u00f3\u017aniej dla je\u0144c\u00f3w radzieckich, oraz ostatni dla Polak\u00f3w. Wynikiem ci\u0119\u017ckiej pracy, zn\u0119caniem si\u0119 i rozstrzeliwaniem przez stra\u017cnik\u00f3w oraz g\u0142odem i chorobami by\u0142a \u015bmier\u0107 kilkunastu tysi\u0119cy wi\u0119\u017ani\u00f3w.<\/p>\n\n\n\n<p class=\"has-text-align-center\">Jak wa\u017cnym obiektem by\u0142 poligon wskazuje jakie hitlerowskie osobisto\u015bci go\u015bci\u0142y na tym terenie. Od naczelnego dow\u00f3dcy SS Heinrich Himmlera, po dr Ludwiga Stumpfegera (lekarza Hitlera), g\u0142\u00f3wnego naukowca Wernher von Brauna (na marginesie oficera SS), Walter Dornberger dow\u00f3dca programu V-2 oraz inne osoby z hitlerowskiego dow\u00f3dztwa.<\/p>\n\n\n\n<p class=\"has-text-align-center\">Osobnym tematem jest dzia\u0142alno\u015b\u0107 polskiego ruchu oporu, r\u00f3\u017cnych oddzia\u0142\u00f3w, AK,BCH, AL. itp na terenie poligonu. Najwi\u0119kszym sukcesem by\u0142o oczywi\u015bcie rozwik\u0142anie tajemnicy Blizny, wsi w \u015brodkowej cz\u0119\u015bci poligonu gdzie Niemcy testowali rakiety V-2 oraz lataj\u0105ce bomby V-1. Polskie podziemie powiadomi\u0142o Anglik\u00f3w o charakterze prac na Bli\u017anie. Poskutkowa\u0142o to trzykrotnym nalotem zwiadowczym na teren Pustkowa i okolic.<\/p>\n\n\n\n<p class=\"has-text-align-center\">O tym wszystkim postaramy si\u0119 opowiedzie\u0107 na naszej stronie.<\/p>\n\n\n\n<p class=\"has-text-align-center\">Aktualizacja: 28\/01\/2018<\/p>\n\n\n\n<p class=\"has-text-align-center\"><strong>Strona ta nie ma na celu propagowania nazizmu, pragniemy jedynie obiektywnie przedstawi\u0107 histori\u0119 poligonu Heidelager.<\/strong><\/p>\n\n\n\n<p class=\"has-text-align-center\">heidelager@gmail.com<\/p>\n\n\n\n<p class=\"has-text-align-center\"><strong>\u00a9Mirek Kusibab<\/strong><\/p>\n","protected":false},"excerpt":{"rendered":"<p>Strona ukazuje burzliw\u0105 cho\u0107 kr\u00f3tk\u0105 histori\u0119 poligonu SS-Truppen\u00dcbungsPlatz Heidelager, kt\u00f3ry znajdowa\u0142 si\u0119 w Pustkowie ok 10 km od D\u0119bicy na podkarpaciu. Okres dzia\u0142alno\u015bci rozpocz\u0105\u0142 si\u0119 na pocz\u0105tku roku 1940 a zako\u0144czy\u0142 w pa\u017adzierniku 1944 roku. Poligon ten mia\u0142 za zadanie szkolenie niemieckich jednostek SS,&#8230;<\/p>\n","protected":false},"author":1,"featured_media":0,"parent":0,"menu_order":0,"comment_status":"closed","ping_status":"closed","template":"","meta":{"ngg_post_thumbnail":0},"_links":{"self":[{"href":"https:\/\/heidelager.pl\/index.php\/wp-json\/wp\/v2\/pages\/5"}],"collection":[{"href":"https:\/\/heidelager.pl\/index.php\/wp-json\/wp\/v2\/pages"}],"about":[{"href":"https:\/\/heidelager.pl\/index.php\/wp-json\/wp\/v2\/types\/page"}],"author":[{"embeddable":true,"href":"https:\/\/heidelager.pl\/index.php\/wp-json\/wp\/v2\/users\/1"}],"replies":[{"embeddable":true,"href":"https:\/\/heidelager.pl\/index.php\/wp-json\/wp\/v2\/comments?post=5"}],"version-history":[{"count":1,"href":"https:\/\/heidelager.pl\/index.php\/wp-json\/wp\/v2\/pages\/5\/revisions"}],"predecessor-version":[{"id":6,"href":"https:\/\/heidelager.pl\/index.php\/wp-json\/wp\/v2\/pages\/5\/revisions\/6"}],"wp:attachment":[{"href":"https:\/\/heidelager.pl\/index.php\/wp-json\/wp\/v2\/media?parent=5"}],"curies":[{"name":"wp","href":"https:\/\/api.w.org\/{rel}","templated":true}]}}