{"id":24,"date":"2020-11-08T14:55:37","date_gmt":"2020-11-08T14:55:37","guid":{"rendered":"http:\/\/heidelager.pl\/?page_id=24"},"modified":"2020-11-08T16:02:52","modified_gmt":"2020-11-08T16:02:52","slug":"artylerieziefield-blizna-v1-v2","status":"publish","type":"page","link":"https:\/\/heidelager.pl\/index.php\/artylerieziefield-blizna-v1-v2\/","title":{"rendered":"ARTYLERIEZIEFIELD BLIZNA V1\/V2"},"content":{"rendered":"\n<p class=\"has-text-align-center\">22 sierpnia 1943r. cztery dni po alianckim nalocie na niemieck\u0105 baz\u0119 do\u015bwiadczaln\u0105 w Penem\u00fcnde, podj\u0119to decyzj\u0119 o przeniesieniu do\u015bwiadcze\u0144 do Polski. Jesieni\u0105 1943r. wybudowano tor kolejowy z Kochan\u00f3wki do Blizny, do dowo\u017cenia materia\u0142\u00f3w budowlanych, a p\u00f3\u017aniej rakiet. Przy pracach pomiarowych, bra\u0142a udzia\u0142 r\u00f3wnie\u017c firma \u201eVermessugswesen\u201d z Krakowa. Firma ta pracowa\u0142a przy budowie licznych lotnisk, a w 1943r. pracowa\u0142a dla Blizny. Zatrudniony tam in\u017c. Stankiewicz wytycza\u0142 z pomoc\u0105 rzemie\u015blnik\u00f3w \u2013 \u017byd\u00f3w z obozu w Pustkowie ringi w Bli\u017anie maskowane siatkami ochronnymi. Pracami przy budowie kierowa\u0142 prawdopodobnie prof. Schmidt. Przez 15 dni przebywa\u0142 tam r\u00f3wnie\u017c g\u0142\u00f3wny tw\u00f3rca rakiety czyli Werner von Braun. Kiedy urz\u0105dzenia by\u0142y gotowe przyjecha\u0142a do Blizny \u201eartyleryjska szkolno-eksperymentalna bateria 444\u201d Wehrmachtu licz\u0105ca 330 ludzi. \u017bo\u0142nierze zamieszkali w wysiedlonej szkole. Pierwsza rakieta wystrzelona zosta\u0142a 5 listopada 1943r. Rakiety wystrzeliwano g\u0142\u00f3wnie na teren miejscowo\u015bci Sarnak w woj. lubelskim. Tam miejscowemu oddzia\u0142owi AK uda\u0142o si\u0119 zdoby\u0107 ca\u0142\u0105 nie zniszczon\u0105 rakiet\u0119, kt\u00f3ra wpad\u0142a do Bugu i wymontowa\u0107 najwa\u017cniejsze elementy. Zabra\u0142 je potem specjalny samolot przys\u0142any do Polski z Brindisi. Operacja ta nosi\u0142a kryptonim \u201eMost III\u201d. W trakcie pr\u00f3b rakiety cz\u0119sto wybucha\u0142y powoduj\u0105c \u015bmier\u0107 obs\u0142ugi. Podczas jednej takiej nieudanej pr\u00f3by zgin\u0119\u0142o 27 ludzi, Niemc\u00f3w i Polak\u00f3w. Pod koniec lipca wyrzutni\u0119 zlikwidowano. Czo\u0142\u00f3wki I Frontu Ukrai\u0144skiego pojawi\u0142y si\u0119 tu 1 sierpnia 1944r. Po uzyskaniu zgody Stalina, do Blizny przyby\u0142a grupa rakietowych specjalist\u00f3w brytyjskich pod kierownictwem Sandersa. Dotar\u0142a 3 wrze\u015bnia i przebywa\u0142a tam do 22 wrze\u015bnia 1944r. Znalezione elementy rakiet zapakowano do skrzy\u0144 i wys\u0142ano do Anglii. Jakie\u017c by\u0142o zdziwienie Anglik\u00f3w gdy otworzono skrzynie i zorientowano si\u0119 \u017ce zamiast element\u00f3w rakiet by\u0142 z\u0142om lotniczy. Rosjanie nie chc\u0105c si\u0119 dzieli\u0107 \u201ezdobycz\u0105 wojenn\u0105\u201d podmienili cenny \u0142adunek<\/p>\n","protected":false},"excerpt":{"rendered":"<p>22 sierpnia 1943r. cztery dni po alianckim nalocie na niemieck\u0105 baz\u0119 do\u015bwiadczaln\u0105 w Penem\u00fcnde, podj\u0119to decyzj\u0119 o przeniesieniu do\u015bwiadcze\u0144 do Polski. Jesieni\u0105 1943r. wybudowano tor kolejowy z Kochan\u00f3wki do Blizny, do dowo\u017cenia materia\u0142\u00f3w budowlanych, a p\u00f3\u017aniej rakiet. Przy pracach pomiarowych, bra\u0142a udzia\u0142 r\u00f3wnie\u017c firma&#8230;<\/p>\n","protected":false},"author":1,"featured_media":0,"parent":0,"menu_order":0,"comment_status":"closed","ping_status":"closed","template":"","meta":{"ngg_post_thumbnail":0},"_links":{"self":[{"href":"https:\/\/heidelager.pl\/index.php\/wp-json\/wp\/v2\/pages\/24"}],"collection":[{"href":"https:\/\/heidelager.pl\/index.php\/wp-json\/wp\/v2\/pages"}],"about":[{"href":"https:\/\/heidelager.pl\/index.php\/wp-json\/wp\/v2\/types\/page"}],"author":[{"embeddable":true,"href":"https:\/\/heidelager.pl\/index.php\/wp-json\/wp\/v2\/users\/1"}],"replies":[{"embeddable":true,"href":"https:\/\/heidelager.pl\/index.php\/wp-json\/wp\/v2\/comments?post=24"}],"version-history":[{"count":3,"href":"https:\/\/heidelager.pl\/index.php\/wp-json\/wp\/v2\/pages\/24\/revisions"}],"predecessor-version":[{"id":89,"href":"https:\/\/heidelager.pl\/index.php\/wp-json\/wp\/v2\/pages\/24\/revisions\/89"}],"wp:attachment":[{"href":"https:\/\/heidelager.pl\/index.php\/wp-json\/wp\/v2\/media?parent=24"}],"curies":[{"name":"wp","href":"https:\/\/api.w.org\/{rel}","templated":true}]}}