{"id":22,"date":"2020-11-08T14:54:43","date_gmt":"2020-11-08T14:54:43","guid":{"rendered":"http:\/\/heidelager.pl\/?page_id=22"},"modified":"2020-11-08T18:35:21","modified_gmt":"2020-11-08T18:35:21","slug":"jednostki-w-hl","status":"publish","type":"page","link":"https:\/\/heidelager.pl\/index.php\/jednostki-w-hl\/","title":{"rendered":"JEDNOSTKI W HL"},"content":{"rendered":"\n<p>Przez ca\u0142y okres trwania poligonu w Pustkowie, wiele oddzia\u0142\u00f3w Waffen-SS szkoli\u0142o si\u0119, uzupe\u0142nia\u0142o straty, reorganizowa\u0142o i wypoczywa\u0142o. Niekt\u00f3re jednostki by\u0142y tworzone od podstaw. Postaram si\u0119 przedstawi\u0107 jakie to by\u0142y jednostki i kiedy kwaterowa\u0142y w Pustkowie. Oczywi\u015bcie dane te nie s\u0105 pe\u0142ne, po prostu brak jest opracowa\u0144 na ten temat. Bazowa\u0142em g\u0142\u00f3wnie na informacjach z internetu i literaturze ze szcz\u0105tkowymi danymi na ten temat.<\/p>\n\n\n\n<p><\/p>\n\n\n\n<p><strong>\u201eLwy Flandrii\u201d<\/strong><\/p>\n\n\n\n<p>Batalion ten by\u0142 cz\u0119\u015bci\u0105 6. SS Gebirgs Division \u201eNord\u201d, sk\u0142adaj\u0105cy si\u0119 z ochotnik\u00f3w z Holandi i Dani. W batalione tym s\u0142u\u017cyli ochotnicy z Flandrii. Po kr\u00f3tkim podstawowym przeszkoleniu w Hamburgu, zostali przerzuceni do Polski, najpierw zatrzymali si\u0119 na kilka tygodni w Radomiu, a potem przyjechali do Heidelager. Tu zostali zreorganizowani do standardowej struktury batalionu piechoty, mianowicie: trzy kompanie piechoty i jedna kompania karabin\u00f3w maszynowych. Data pobytu w Pustkowie to prawdopodobnie maj 1941r. P\u00f3\u017cniej zostali przeniesieni do Orzysza, gdzie zostali \u201ezmotoryzowani\u201d. Jednostka ta dzia\u0142a\u0142a g\u0142\u00f3wnie na froncie wschodnim (\u0141otwa) i bra\u0142a udzia\u0142 w operacjach przeciwko partyzantce. 21 marca 1943r. batalion zosta\u0142 wys\u0142any do Krasnego Boru, do obsadzenia pozycji opuszczonych przez hiszpa\u0144sk\u0105 \u201eB\u0142\u0119kitn\u0105 Dywizj\u0119\u201d. Po ci\u0119\u017ckich stratach resztki batalionu (z 3 kompani kt\u00f3re wesz\u0142y do bitwy, ok. 125 ludzi, zosta\u0142o 9!) zosta\u0142o wys\u0142ane do Polski, i w pocz\u0105tkach maja 1943r. w\u0142\u0105czeni zostali do \u201eLangemarck\u201d. Sturmbrigade zosta\u0142o formalnie przyj\u0119te 31 maja w Heidelager.<\/p>\n\n\n\n<p><\/p>\n\n\n\n<p><strong>SS-Batallion Debica<\/strong><\/p>\n\n\n\n<p>We wrze\u015bniu 1942r do ko\u0144ca lutego 1943r zosta\u0142 zformowany w\u0142oski SS-Batallion. Major Fortunato otrzyma\u0142 zadanie wybrania nowych rekrut\u00f3w, lojalnych Niemcom. Wielu ochotnik\u00f3w przesz\u0142o z \u201eW\u0142oskiego XXXI Batalionu Czo\u0142g\u00f3w\u201d, z \u201eLombardia Division\u201d oraz elitarnej dywizji alpejskiej \u201eAlpine Julia Division\u201d. Batalion sk\u0142ada\u0142 si\u0119 z 20 oficer\u00f3w i 571 \u017co\u0142nierzy. Dow\u00f3dc\u0105 batalionu zosta\u0142 Hauptmann der Schutzpolizei Friedrich Noweck. Od 21 marca do maja 1944 roku, SS-Batallion \u201eDebica\u201d bra\u0142 udzia\u0142 w operacji zwalczania partyzantki dzia\u0142aj\u0105cej w okolicach Pellice Valley, w kierunku po\u0142udniowo-zachodnim od Turynu. 12 kwietnia batalion zosta\u0142 w\u0142\u0105czony do SS Battle Group \u201eDiebitsch\u201d. 7 wrze\u015bnia sta\u0142 si\u0119 cz\u0119\u015bci\u0105 \u201eWaffen \u2013 Grenadier Brigade der SS (italienische nr.1)\u201d. P\u00f3\u017aniej zosta\u0142 przekszta\u0142cony do \u201eWaffen \u2013 Fusilier Btl. der SS 59\u201d (59 batalion rozpoznawczy) kt\u00f3rego dow\u00f3dc\u0105 by\u0142 r\u00f3wnie\u017c Noweck. W Heidelager kwaterowa\u0142 na ringu I (Pustk\u00f3w)<\/p>\n\n\n\n<p><\/p>\n\n\n\n<p><strong>14. Waffen Grenadier Division der SS (galizische Nr 1)<\/strong><\/p>\n\n\n\n<p>W Pustkowie \u0107wiczy\u0142a r\u00f3wnie\u017c s\u0142awna ostatnio ukrai\u0144ska 14 dywizja grenadier\u00f3w pancernych \u201eGalizien\u201d, a \u015bci\u015blej na poligonie zosta\u0142o utworzone trzy pu\u0142ki tej dywizji, mianowicie:<\/p>\n\n\n\n<p>Waffen-Grenadier-Regiment der SS 29 (Ukrainisches Nr.1)<br>Zformowany na poligonie Heidelager we wrze\u015bniu 1943r jako \u201eSS-Freiwilligen-Regiment 1\u201d. 22 pa\u017adziernika 1943r zmieniono jego nazw\u0119 na \u201eSS-Freiwilligen-Grenadier-Regiment 29\u201d, narodowo\u015b\u0107 pu\u0142ku dodano 11 stycznia 1944r -\u201eSS-Freiwilligen-Grenadier-Regiment 29 (Galizisches Nr. 1)\u201d. 27 czerwca 1944r ponownie zmieniono nazw\u0119 na \u201eWaffen-Grenadier-Regiment der SS 29 (Galizisches Nr. 1)\u201d i na koniec, tytu\u0142 \u201eWaffen-SS\u201d zosta\u0142 dodany 12 listopada 1944r. III batalion tego pu\u0142ku, zosta\u0142 od\u0142\u0105czony w styczniu 1944r i zosta\u0142 u\u017cyty do zreformowania \u201eSS-F\u00fcsilier-Battalion 14\u201d. Poczta polowa III batalionu I pu\u0142ku (III. \/ 1.) by\u0142a przeniesiona do \u201eSS-Fusilier-Battalion 14\u201d. Pu\u0142k zosta\u0142 kompletnie przebudowany na prze\u0142omie sierpnia i wrze\u015bnia 1944r po bitwie pod Brodami.<\/p>\n\n\n\n<p>Waffen-Grenadier-Regiment der SS 30 (Ukrainisches Nr.2)<br>Zformowany na poligonie Heidelager we wrze\u015bniu 1943r jako \u201eSS-Freiwilligen-Regiment 1\u201d. Wtedy sta\u0142o si\u0119 \u201eSS-Freiwilligen-Grenadier-Regiment 2\u201d. 22 pa\u017adziernika 1943r zmieniono nazw\u0119 na \u201eSS-Freiwilligen-Grenadier-Regiment 30\u201d, narodowo\u015b\u0107 pu\u0142ku dodano 11 stycznia 1944r daj\u0105c pe\u0142n\u0105 nazw\u0119 \u201eSS-Freiwilligen-Grenadier-Regiment 30 (Galizisches Nr. 2)\u201d. 27 czerwca 1944r przemianowany na \u201eWaffen-Grenadier-Regiment der SS 30 (Galizisches Nr. 2)\u201d. 12 listopada 1944r dodano nazw\u0119 \u201eWaffen-SS\u201d. Pu\u0142k zosta\u0142 kompletnie przebudowany na prze\u0142omie sierpnia i wrze\u015bnia 1944r po bitwie pod Brodami.<\/p>\n\n\n\n<p>Waffen-Grenadier-Regiment der SS 31 (Ukrainisches Nr.3)<br>Prawdopodobnie ten pu\u0142k r\u00f3wnie\u017c zosta\u0142 utworzony na poligonie Heidelager we wrze\u015bniu 1943r, jako \u201eSS-Freiwilligen-Regiment 3\u201d i wtedy sta\u0142 si\u0119 \u201eSS-Freiwilligen-Grenadier-Regiment 3\u201d. 12 listopada 1944r przemianowano na \u201eSS-Freiwilligen-Grenadier-Regiment 31\u201d,a 22 stycznia 1944r dodano narodowo\u015b\u0107, daj\u0105c pe\u0142n\u0105 nazw\u0119 \u201eSS-Freiwilligen-Grenadier-Regiment 31 (Galizisches Nr. 3)\u201d. Przemianowany ponownie 27 czerwca 1944r na \u201eWaffen-Grenadier-Regiment der SS 31 (Galizische Nr. 3)\u201d. Tytu\u0142 \u201eWaffen-SS\u201d dodano 12 listopada 1944r. Pu\u0142k zosta\u0142 przebudowany na prze\u0142omie sierpnia i wrze\u015bnia po bitwie pod Brodami.<\/p>\n\n\n\n<p>W czerwcu 1944 r. dywizj\u0119 skierowano na front wschodni, gdzie w lipcu zosta\u0142a prawie ca\u0142kowicie rozbita przez Rosjan w bitwie pod Brodami (zgin\u0119\u0142o 80 proc. oficer\u00f3w i \u017co\u0142nierzy). Jesieni\u0105 zdziesiatkowana jednostka stacjonowa\u0142a na S\u0142owacji (Brno), a potem na \u015al\u0105sku (poligon Neuhammer w pobli\u017cu miejscowo\u015bci Sagan).<br><\/p>\n\n\n\n<p>Dywizje odtworzono zim\u0105 1945 r. Dow\u00f3dztwo obj\u0105\u0142 gen. Pawe\u0142 Szandruk (co ciekawe odznaczony po wojnie przez gen. Andersa Krzy\u017cem Virtuti Militarii za kampani\u0119 wrze\u015bniow\u0105 1939 r.). Jednostk\u0119 skierowano do po\u0142udniowej Austrii, i tam dosta\u0142a sie do niewoli alianckiej. Przez obozy jenieckie we W\u0142oszech \u017co\u0142nierze SS Galizien trafili w 1947 r. do Wielkiej Brytanii, na mocy decyzji premiera Clementa Attlee, kt\u00f3ry nie chcia\u0142 wyda\u0107 ich Rosjanom. Stamt\u0105d wielu wyjecha\u0142o potem do Kanady, USA czy Australii. \u017bo\u0142nierze dywizji pos\u0105dzani s\u0105 o wiele zbrodni przeciwko ludno\u015bci cywilnej.<\/p>\n\n\n\n<p>W Pustkowie dywizja stacjonowa\u0142a na prze\u0142omie 1943r. i 1944r (czyli przed \u201erzezi\u0105\u201d). Na ringu I (Pustk\u00f3w), ringu II (Wieloncza), i ringu IV (D\u0105br\u00f3wki).<\/p>\n\n\n\n<p>* 14 DGren SS (1 galicyjska) w wielu publikacjach nadal mylnie nazywana jest 14 Dywizj\u0105 SS \u201eGalizien\u201d. Wprawdzie dywizja wywodzi si\u0119 ukrai\u0144skiego pu\u0142ku policyjnego Schuma SS \u201eGalizien\u201d (w wersji ukr. \u201eHa\u0142yczyna\u201d), ale Himmler specjalnym rozkazem zakaza\u0142 u\u017cywania nazwy \u201eUkraina\u201d lub nazywania dywizji \u201eukrai\u0144sk\u0105\u201d. By\u0142a to pierwsza dywizja s\u0142owia\u0144ska, a s\u0142owianie nie mieli prawa dost\u0105pi\u0107 zaszczytu walki u boku niemieckiego \u017co\u0142nierza.<\/p>\n\n\n\n<p><\/p>\n\n\n\n<p><strong>SCHUMA Bat. 202 (Legion Nachtigall)<\/strong><\/p>\n\n\n\n<p>Od czerwca do grudnia 1942 na poligonie kwaterowa\u0142 ukrai\u0144ski policyjny batalion Schuma bat.202 (Legion Nachtigall \u2013 s\u0142owiki). Z\u0142o\u017cony g\u0142\u00f3wnie z policjant\u00f3w granatowych. Po przeszkoleniu, batalion sk\u0142adaj\u0105cy si\u0119 z 600 policjant\u00f3w wys\u0142any zosta\u0142 na zaplecze grupy armii \u201eMitte\u201d na froncie wschodnim. Dow\u00f3dc\u0105 by\u0142 Theodor Oberleander, p\u00f3\u017aniejszy minister RFN. Batalion ten pos\u0105dzany by\u0142 o udzia\u0142 w mordzie lwowskich profesor\u00f3w, ale jak si\u0119 okaza\u0142o, by\u0142a to sowiecka prowokacja.<\/p>\n\n\n\n<p><\/p>\n\n\n\n<p><strong>SCHUMA Bat. 204 (Legion Roland)<\/strong><\/p>\n\n\n\n<p>Drug\u0105 jednostk\u0105 policyjn\u0105 sk\u0142adaj\u0105ca si\u0119 z Ukrai\u0144c\u00f3w by\u0142 Schutzmannschaft batalion 204 (Legion Roland) zorganizowany z pocz\u0105tkiem 1943 r. w Pustkowie. Sk\u0142ada\u0142 si\u0119 z ochotnik\u00f3w ukrai\u0144skich, g\u0142\u00f3wnie z teren\u00f3w Ma\u0142opolski wschodniej i \u015brodkowej**. Jego dow\u00f3dc\u0105 by\u0142 SS-hauptsturmf\u00fchrer Ulow, a zast\u0119pc\u0105 Ukrainiec \u2013 kpt. Poberenko. W sk\u0142ad batalionu wchodzi\u0142y trzy kompanie, ka\u017cda po 150 ludzi, kt\u00f3rzy nosili mundury \u017candarmerii niemieckiej. Od po\u0142owy maja 1943 r. batalion pe\u0142ni\u0142 s\u0142u\u017cb\u0119 stra\u017cnicz\u0105 w obozie w Pustkowie i m.in. nadzorowa\u0142 wi\u0119\u017ani\u00f3w z obozu pracy.<\/p>\n\n\n\n<p><\/p>\n\n\n\n<p><strong>5. SS Panzer Division \u201eWiking\u201d<\/strong><\/p>\n\n\n\n<p>Wiosn\u0105 1944r ko\u0142o Korsunia wpad\u0142a w zasadzk\u0119 dywizja \u201eWiking\u201d wraz z reszt\u0105 4 Armii Pancernej. Ponosz\u0105c ci\u0119\u017ckie straty (ok. 30% w ludziach i trac\u0105c prawie ca\u0142y ci\u0119\u017cki sprz\u0119t) jednostka ta wyrwa\u0142a si\u0119 z kot\u0142a (kontratak pod Czerkasami). Pod koniec kwietnia 1944r dywizja \u201eWiking\u201d zosta\u0142a wys\u0142ana do Heidelager gdzie zosta\u0142a odbudowana ju\u017c jako dywizja pancerna<\/p>\n\n\n\n<p><\/p>\n\n\n\n<p><strong>28. SS Freiwilligen Grenadier Division \u201eWallonien\u201d (wallonische Nr 1)<\/strong><\/p>\n\n\n\n<p>7 lipca 1944r. do Heidelager przyby\u0142a druga belgijska jednostka \u2013 dywizja \u201eWallonien\u201d (po Legionie Flandern) dowodzona przez Leona Degrella. Miejsce kwaterowania \u2013 Ring III<\/p>\n\n\n\n<p><\/p>\n\n\n\n<p><strong>\u201eEstnische SS Freiwillige Brigade\u201d<\/strong><\/p>\n\n\n\n<p>W sierpniu 1942r Hitler zgodzi\u0142 si\u0119 na utworzenie esto\u0144skiego legionu SS (g\u0142\u00f3wnie z inicjatywy J. Soodla). Dow\u00f3dc\u0105 zosta\u0142 Oberf\u00fchrer Frans Augsberger. 8 pa\u017adziernika pierwszych 1280 ochotnik\u00f3w przyjecha\u0142o do Heidelager. Do ko\u0144ca 1942r \u0107wiczyli na poligonie i na bazie tych ludzi zosta\u0142 utworzony batalion \u201eNarwa\u201d, kt\u00f3ry zosta\u0142 w\u0142\u0105czony do 5. SS Panzer Division \u201eWiking\u201d. Zast\u0105pi\u0142 on fi\u0144ski batalion ochotniczy kt\u00f3ry z powod\u00f3w politycznych powr\u00f3ci\u0142 do Finlandi. 15 lipca 1943r batalion wyjecha\u0142 na front wschodni. W tym samym czasie trening na poligonie trwa\u0142. Legion sta\u0142 si\u0119 brygad\u0105 \u2013 3. Estnische SS \u2013 Freiwillige Brigade. 5 maja 1943r posiada\u0142 dwa pe\u0142ne pu\u0142ki, ponad 5000 ludzi. W listopadzie 1943r esto\u0144ska brygada zosta\u0142a wys\u0142ana do Rygi i wykorzystana do walki z partyzantami radzieckimi. 24 stycznia 1944 Reichsf\u00fchrer SS rozkaza\u0142 powi\u0119kszy\u0107 brygad\u0119 do dywzji \u2013 20. Estnische Waffen-SS Division. Brygada zosta\u0142a zakwaterowana na ringu III.<\/p>\n\n\n\n<p><\/p>\n\n\n\n<p>Na poligonie Heidelager \u0107wiczy\u0142a r\u00f3wnierz \u0142otewska brygada \u201eLettische SS Freiwillige Brigade\u201d.<\/p>\n\n\n\n<p><\/p>\n\n\n\n<p><strong>8. SS Kavallerie Division \u201eFlorian Geyer\u201d<\/strong><\/p>\n\n\n\n<p>W styczniu 1944r. kwaterowa\u0142y elementy 8. SS Kavallerie Division \u201eFlorian Geyer\u201d. Dow\u00f3dc\u0105 by\u0142 by\u0142y szef policji w GG Brunon Streckenbach<\/p>\n\n\n\n<p><\/p>\n\n\n\n<p><strong>SS-Wach-Bataillon \u201eOranienburg\u201d<\/strong><\/p>\n\n\n\n<p>Od ustanowienia w\u0142adz obozu do 18 sierpnia 1941r. s\u0142u\u017cb\u0119 wartowniczo-stra\u017cnicz\u0105 pe\u0142ni\u0142 SS-Tottenkopf Bataillon \u201eOranienburg\u201d S\u0142u\u017cyli w nim przewa\u017cnie Niemcy, Belgowie, Holendrzy. Dow\u00f3dc\u0105 by\u0142 Johann von Feil. Od powy\u017cszej daty nazw\u0119 batalionu zmieniono na SS Bataillon \u201eSS Truppen Ubungs Platz Debica\u201d.<\/p>\n\n\n\n<p><\/p>\n\n\n\n<p><strong>Standarte \u201eNordwest\u201d<\/strong><\/p>\n\n\n\n<p>W Heidelager du\u0144ska jednostka \u2013 Standarte \u201eNordwest\u201d zosta\u0142a rozwi\u0105zana i po\u0142\u0105czona z \u201eNiederlande Legion Freiwilligen\u201d. Jednostka ta zosta\u0142a tu przygotowana do walki i w styczniu 1942r wys\u0142ana na wschodni front.<\/p>\n\n\n\n<p><\/p>\n\n\n\n<p><strong>4. SS Polizei-Panzergrenadier Division<\/strong><\/p>\n\n\n\n<p>W lipcu 1943r kwaterowa\u0142a dywizja policyjna \u2013 4. SS Polizei-Panzergrenadier Division.<\/p>\n\n\n\n<p><\/p>\n\n\n\n<p><strong>W marcu 1942r kwaterowa\u0142o 6000 w\u0119gierskich ochotnik\u00f3w prawdopodobnie z brygady kawalerii.<\/strong><\/p>\n\n\n\n<p><\/p>\n\n\n\n<p>Na terenie poligonu widziane by\u0142y r\u00f3wnie\u017c odznaki dywizji 1. SS Panzer Division \u201eLeibstandarte Adolf Hitler\u201d oraz dywizji \u201eHerman Goring\u201d kt\u00f3ra formalnie nale\u017ca\u0142a do Luftwaffe.<\/p>\n\n\n\n<p><\/p>\n\n\n\n<p>Wiadomo jest mi r\u00f3wnie\u017c o Serbach , Jugos\u0142owianach, Litwinach, Holendrach kt\u00f3rzy byli w Pustkowie, ale nie wiem jeszcze w jakich jednostkach.<\/p>\n","protected":false},"excerpt":{"rendered":"<p>Przez ca\u0142y okres trwania poligonu w Pustkowie, wiele oddzia\u0142\u00f3w Waffen-SS szkoli\u0142o si\u0119, uzupe\u0142nia\u0142o straty, reorganizowa\u0142o i wypoczywa\u0142o. Niekt\u00f3re jednostki by\u0142y tworzone od podstaw. Postaram si\u0119 przedstawi\u0107 jakie to by\u0142y jednostki i kiedy kwaterowa\u0142y w Pustkowie. Oczywi\u015bcie dane te nie s\u0105 pe\u0142ne, po prostu brak&#8230;<\/p>\n","protected":false},"author":1,"featured_media":0,"parent":0,"menu_order":0,"comment_status":"closed","ping_status":"closed","template":"","meta":{"ngg_post_thumbnail":0},"_links":{"self":[{"href":"https:\/\/heidelager.pl\/index.php\/wp-json\/wp\/v2\/pages\/22"}],"collection":[{"href":"https:\/\/heidelager.pl\/index.php\/wp-json\/wp\/v2\/pages"}],"about":[{"href":"https:\/\/heidelager.pl\/index.php\/wp-json\/wp\/v2\/types\/page"}],"author":[{"embeddable":true,"href":"https:\/\/heidelager.pl\/index.php\/wp-json\/wp\/v2\/users\/1"}],"replies":[{"embeddable":true,"href":"https:\/\/heidelager.pl\/index.php\/wp-json\/wp\/v2\/comments?post=22"}],"version-history":[{"count":2,"href":"https:\/\/heidelager.pl\/index.php\/wp-json\/wp\/v2\/pages\/22\/revisions"}],"predecessor-version":[{"id":170,"href":"https:\/\/heidelager.pl\/index.php\/wp-json\/wp\/v2\/pages\/22\/revisions\/170"}],"wp:attachment":[{"href":"https:\/\/heidelager.pl\/index.php\/wp-json\/wp\/v2\/media?parent=22"}],"curies":[{"name":"wp","href":"https:\/\/api.w.org\/{rel}","templated":true}]}}